{"id":987,"date":"2020-09-29T21:00:44","date_gmt":"2020-09-29T19:00:44","guid":{"rendered":"http:\/\/www.fhsoftspa.cl\/?page_id=987"},"modified":"2020-09-29T21:56:15","modified_gmt":"2020-09-29T19:56:15","slug":"integracion","status":"publish","type":"page","link":"http:\/\/www.fhsoftspa.cl\/?page_id=987","title":{"rendered":"Integraci\u00f3n"},"content":{"rendered":"\t\t<div data-elementor-type=\"wp-page\" data-elementor-id=\"987\" class=\"elementor elementor-987\" data-elementor-settings=\"[]\">\n\t\t\t\t\t\t<div class=\"elementor-inner\">\n\t\t\t\t\t\t\t<div class=\"elementor-section-wrap\">\n\t\t\t\t\t\t\t<section class=\"elementor-section elementor-top-section elementor-element elementor-element-00c3986 elementor-section-boxed elementor-section-height-default elementor-section-height-default\" data-id=\"00c3986\" data-element_type=\"section\">\n\t\t\t\t\t\t<div class=\"elementor-container elementor-column-gap-default\">\n\t\t\t\t\t\t\t<div class=\"elementor-row\">\n\t\t\t\t\t<div class=\"elementor-column elementor-col-100 elementor-top-column elementor-element elementor-element-4ef0f8e\" data-id=\"4ef0f8e\" data-element_type=\"column\">\n\t\t\t<div class=\"elementor-column-wrap elementor-element-populated\">\n\t\t\t\t\t\t\t<div class=\"elementor-widget-wrap\">\n\t\t\t\t\t\t<div class=\"elementor-element elementor-element-56bee23 elementor-widget elementor-widget-image\" data-id=\"56bee23\" data-element_type=\"widget\" data-widget_type=\"image.default\">\n\t\t\t\t<div class=\"elementor-widget-container\">\n\t\t\t\t\t<div class=\"elementor-image\">\n\t\t\t\t\t\t\t\t\t\t<img width=\"809\" height=\"646\" src=\"http:\/\/www.fhsoftspa.cl\/wp-content\/uploads\/2020\/09\/fhsoft.jpg\" class=\"attachment-large size-large\" alt=\"\" loading=\"lazy\" srcset=\"http:\/\/www.fhsoftspa.cl\/wp-content\/uploads\/2020\/09\/fhsoft.jpg 809w, http:\/\/www.fhsoftspa.cl\/wp-content\/uploads\/2020\/09\/fhsoft-300x240.jpg 300w, http:\/\/www.fhsoftspa.cl\/wp-content\/uploads\/2020\/09\/fhsoft-768x613.jpg 768w\" sizes=\"(max-width: 809px) 100vw, 809px\" \/>\t\t\t\t\t\t\t\t\t\t\t<\/div>\n\t\t\t\t<\/div>\n\t\t\t\t<\/div>\n\t\t\t\t<div class=\"elementor-element elementor-element-38aa186 elementor-widget elementor-widget-heading\" data-id=\"38aa186\" data-element_type=\"widget\" data-widget_type=\"heading.default\">\n\t\t\t\t<div class=\"elementor-widget-container\">\n\t\t\t<h3 class=\"elementor-heading-title elementor-size-default\">Api de Integraci\u00f3n Fhsoft<\/h3>\t\t<\/div>\n\t\t\t\t<\/div>\n\t\t\t\t<div class=\"elementor-element elementor-element-78612da elementor-widget elementor-widget-text-editor\" data-id=\"78612da\" data-element_type=\"widget\" data-widget_type=\"text-editor.default\">\n\t\t\t\t<div class=\"elementor-widget-container\">\n\t\t\t\t\t<div class=\"elementor-text-editor elementor-clearfix\"><p style=\"text-align: justify;\">El equipo de Fhsoft ha puesto a disposici\u00f3n de la comunidad de desarrolladores una API, la cual permite acceder a la creaci\u00f3n de documentos tributarios electr\u00f3nicos.<br \/><br \/>Conecta tu aplicaci\u00f3n al SII de forma r\u00e1pida y simple, usando nuestra API.<br \/>Puedes usar el lenguaje que t\u00fa conoces y genera todos los tipos de documentos tributarios (boleta, factura, gu\u00eda\u00a0 de despacho, notas de d\u00e9bito y cr\u00e9dito electr\u00f3nicas).<\/p><\/div>\n\t\t\t\t<\/div>\n\t\t\t\t<\/div>\n\t\t\t\t\t\t<\/div>\n\t\t\t\t\t<\/div>\n\t\t<\/div>\n\t\t\t\t\t\t\t\t<\/div>\n\t\t\t\t\t<\/div>\n\t\t<\/section>\n\t\t\t\t\t\t<\/div>\n\t\t\t\t\t\t<\/div>\n\t\t\t\t\t<\/div>\n\t\t","protected":false},"excerpt":{"rendered":"<p>Api de Integraci\u00f3n Fhsoft El equipo de Fhsoft ha puesto a disposici\u00f3n de la comunidad de desarrolladores una API, la cual permite acceder a la creaci\u00f3n de documentos tributarios electr\u00f3nicos. Conecta tu aplicaci\u00f3n al SII de forma r\u00e1pida y simple, usando nuestra API.Puedes usar el lenguaje que t\u00fa conoces y genera todos los tipos de&hellip; <br \/> <a class=\"read-more\" href=\"http:\/\/www.fhsoftspa.cl\/?page_id=987\">Leer m\u00e1s<\/a><\/p>\n","protected":false},"author":1,"featured_media":0,"parent":0,"menu_order":0,"comment_status":"closed","ping_status":"closed","template":"","meta":[],"yoast_head":"<!-- This site is optimized with the Yoast SEO plugin v16.1.1 - https:\/\/yoast.com\/wordpress\/plugins\/seo\/ -->\n<title>Integraci\u00f3n - FHSOFTSPA<\/title>\n<meta name=\"robots\" content=\"index, follow, max-snippet:-1, max-image-preview:large, max-video-preview:-1\" \/>\n<link rel=\"canonical\" href=\"http:\/\/www.fhsoftspa.cl\/?page_id=987\" \/>\n<meta property=\"og:locale\" content=\"es_ES\" \/>\n<meta property=\"og:type\" content=\"article\" \/>\n<meta property=\"og:title\" content=\"Integraci\u00f3n - FHSOFTSPA\" \/>\n<meta property=\"og:description\" content=\"Api de Integraci\u00f3n Fhsoft El equipo de Fhsoft ha puesto a disposici\u00f3n de la comunidad de desarrolladores una API, la cual permite acceder a la creaci\u00f3n de documentos tributarios electr\u00f3nicos. Conecta tu aplicaci\u00f3n al SII de forma r\u00e1pida y simple, usando nuestra API.Puedes usar el lenguaje que t\u00fa conoces y genera todos los tipos de&hellip; Leer m\u00e1s\" \/>\n<meta property=\"og:url\" content=\"http:\/\/www.fhsoftspa.cl\/?page_id=987\" \/>\n<meta property=\"og:site_name\" content=\"FHSOFTSPA\" \/>\n<meta property=\"article:modified_time\" content=\"2020-09-29T19:56:15+00:00\" \/>\n<meta property=\"og:image\" content=\"http:\/\/www.fhsoftspa.cl\/wp-content\/uploads\/2020\/09\/fhsoft.jpg\" \/>\n<meta name=\"twitter:card\" content=\"summary_large_image\" \/>\n<script type=\"application\/ld+json\" class=\"yoast-schema-graph\">{\"@context\":\"https:\/\/schema.org\",\"@graph\":[{\"@type\":\"Organization\",\"@id\":\"http:\/\/www.fhsoftspa.cl\/#organization\",\"name\":\"Fhsoft\",\"url\":\"http:\/\/www.fhsoftspa.cl\/\",\"sameAs\":[],\"logo\":{\"@type\":\"ImageObject\",\"@id\":\"http:\/\/www.fhsoftspa.cl\/#logo\",\"inLanguage\":\"es\",\"url\":\"http:\/\/www.fhsoftspa.cl\/wp-content\/uploads\/2020\/08\/logoemerson.png\",\"contentUrl\":\"http:\/\/www.fhsoftspa.cl\/wp-content\/uploads\/2020\/08\/logoemerson.png\",\"width\":340,\"height\":344,\"caption\":\"Fhsoft\"},\"image\":{\"@id\":\"http:\/\/www.fhsoftspa.cl\/#logo\"}},{\"@type\":\"WebSite\",\"@id\":\"http:\/\/www.fhsoftspa.cl\/#website\",\"url\":\"http:\/\/www.fhsoftspa.cl\/\",\"name\":\"FHSOFTSPA\",\"description\":\"\",\"publisher\":{\"@id\":\"http:\/\/www.fhsoftspa.cl\/#organization\"},\"potentialAction\":[{\"@type\":\"SearchAction\",\"target\":\"http:\/\/www.fhsoftspa.cl\/?s={search_term_string}\",\"query-input\":\"required name=search_term_string\"}],\"inLanguage\":\"es\"},{\"@type\":\"ImageObject\",\"@id\":\"http:\/\/www.fhsoftspa.cl\/?page_id=987#primaryimage\",\"inLanguage\":\"es\",\"url\":\"http:\/\/www.fhsoftspa.cl\/wp-content\/uploads\/2020\/09\/fhsoft.jpg\",\"contentUrl\":\"http:\/\/www.fhsoftspa.cl\/wp-content\/uploads\/2020\/09\/fhsoft.jpg\",\"width\":809,\"height\":646},{\"@type\":\"WebPage\",\"@id\":\"http:\/\/www.fhsoftspa.cl\/?page_id=987#webpage\",\"url\":\"http:\/\/www.fhsoftspa.cl\/?page_id=987\",\"name\":\"Integraci\\u00f3n - FHSOFTSPA\",\"isPartOf\":{\"@id\":\"http:\/\/www.fhsoftspa.cl\/#website\"},\"primaryImageOfPage\":{\"@id\":\"http:\/\/www.fhsoftspa.cl\/?page_id=987#primaryimage\"},\"datePublished\":\"2020-09-29T19:00:44+00:00\",\"dateModified\":\"2020-09-29T19:56:15+00:00\",\"breadcrumb\":{\"@id\":\"http:\/\/www.fhsoftspa.cl\/?page_id=987#breadcrumb\"},\"inLanguage\":\"es\",\"potentialAction\":[{\"@type\":\"ReadAction\",\"target\":[\"http:\/\/www.fhsoftspa.cl\/?page_id=987\"]}]},{\"@type\":\"BreadcrumbList\",\"@id\":\"http:\/\/www.fhsoftspa.cl\/?page_id=987#breadcrumb\",\"itemListElement\":[{\"@type\":\"ListItem\",\"position\":1,\"item\":{\"@type\":\"WebPage\",\"@id\":\"http:\/\/www.fhsoftspa.cl\/\",\"url\":\"http:\/\/www.fhsoftspa.cl\/\",\"name\":\"Portada\"}},{\"@type\":\"ListItem\",\"position\":2,\"item\":{\"@type\":\"WebPage\",\"@id\":\"http:\/\/www.fhsoftspa.cl\/?page_id=987\",\"url\":\"http:\/\/www.fhsoftspa.cl\/?page_id=987\",\"name\":\"Integraci\\u00f3n\"}}]}]}<\/script>\n<!-- \/ Yoast SEO plugin. -->","_links":{"self":[{"href":"http:\/\/www.fhsoftspa.cl\/index.php?rest_route=\/wp\/v2\/pages\/987"}],"collection":[{"href":"http:\/\/www.fhsoftspa.cl\/index.php?rest_route=\/wp\/v2\/pages"}],"about":[{"href":"http:\/\/www.fhsoftspa.cl\/index.php?rest_route=\/wp\/v2\/types\/page"}],"author":[{"embeddable":true,"href":"http:\/\/www.fhsoftspa.cl\/index.php?rest_route=\/wp\/v2\/users\/1"}],"replies":[{"embeddable":true,"href":"http:\/\/www.fhsoftspa.cl\/index.php?rest_route=%2Fwp%2Fv2%2Fcomments&post=987"}],"version-history":[{"count":4,"href":"http:\/\/www.fhsoftspa.cl\/index.php?rest_route=\/wp\/v2\/pages\/987\/revisions"}],"predecessor-version":[{"id":1001,"href":"http:\/\/www.fhsoftspa.cl\/index.php?rest_route=\/wp\/v2\/pages\/987\/revisions\/1001"}],"wp:attachment":[{"href":"http:\/\/www.fhsoftspa.cl\/index.php?rest_route=%2Fwp%2Fv2%2Fmedia&parent=987"}],"curies":[{"name":"wp","href":"https:\/\/api.w.org\/{rel}","templated":true}]}}