{"id":971,"date":"2020-09-29T20:30:32","date_gmt":"2020-09-29T18:30:32","guid":{"rendered":"http:\/\/www.fhsoftspa.cl\/?page_id=971"},"modified":"2021-02-03T22:12:56","modified_gmt":"2021-02-03T21:12:56","slug":"royo-de-papel","status":"publish","type":"page","link":"http:\/\/www.fhsoftspa.cl\/?page_id=971","title":{"rendered":"Rollo de papel"},"content":{"rendered":"\t\t<div data-elementor-type=\"wp-page\" data-elementor-id=\"971\" class=\"elementor elementor-971\" data-elementor-settings=\"[]\">\n\t\t\t\t\t\t<div class=\"elementor-inner\">\n\t\t\t\t\t\t\t<div class=\"elementor-section-wrap\">\n\t\t\t\t\t\t\t<section class=\"elementor-section elementor-top-section elementor-element elementor-element-0691514 elementor-section-boxed elementor-section-height-default elementor-section-height-default\" data-id=\"0691514\" data-element_type=\"section\">\n\t\t\t\t\t\t<div class=\"elementor-container elementor-column-gap-default\">\n\t\t\t\t\t\t\t<div class=\"elementor-row\">\n\t\t\t\t\t<div class=\"elementor-column elementor-col-100 elementor-top-column elementor-element elementor-element-ee7e36b\" data-id=\"ee7e36b\" data-element_type=\"column\">\n\t\t\t<div class=\"elementor-column-wrap elementor-element-populated\">\n\t\t\t\t\t\t\t<div class=\"elementor-widget-wrap\">\n\t\t\t\t\t\t<div class=\"elementor-element elementor-element-320945b elementor-widget elementor-widget-image\" data-id=\"320945b\" data-element_type=\"widget\" data-widget_type=\"image.default\">\n\t\t\t\t<div class=\"elementor-widget-container\">\n\t\t\t\t\t<div class=\"elementor-image\">\n\t\t\t\t\t\t\t\t\t\t<img width=\"676\" height=\"357\" src=\"http:\/\/www.fhsoftspa.cl\/wp-content\/uploads\/2020\/09\/r.jpg\" class=\"attachment-large size-large\" alt=\"\" loading=\"lazy\" srcset=\"http:\/\/www.fhsoftspa.cl\/wp-content\/uploads\/2020\/09\/r.jpg 676w, http:\/\/www.fhsoftspa.cl\/wp-content\/uploads\/2020\/09\/r-300x158.jpg 300w\" sizes=\"(max-width: 676px) 100vw, 676px\" \/>\t\t\t\t\t\t\t\t\t\t\t<\/div>\n\t\t\t\t<\/div>\n\t\t\t\t<\/div>\n\t\t\t\t<div class=\"elementor-element elementor-element-1aa3e04 elementor-widget elementor-widget-heading\" data-id=\"1aa3e04\" data-element_type=\"widget\" data-widget_type=\"heading.default\">\n\t\t\t\t<div class=\"elementor-widget-container\">\n\t\t\t<h3 class=\"elementor-heading-title elementor-size-default\">ROLLOS PAPEL T\u00c9RMICO<\/h3>\t\t<\/div>\n\t\t\t\t<\/div>\n\t\t\t\t<div class=\"elementor-element elementor-element-6161839 elementor-widget elementor-widget-text-editor\" data-id=\"6161839\" data-element_type=\"widget\" data-widget_type=\"text-editor.default\">\n\t\t\t\t<div class=\"elementor-widget-container\">\n\t\t\t\t\t<div class=\"elementor-text-editor elementor-clearfix\"><p>Rollos de papel t\u00e9rmico de 80MMx80MT y de 57MMx20MT .<br>Venta s\u00f3lo por caja , env\u00edo a convenir.<\/p><\/div>\n\t\t\t\t<\/div>\n\t\t\t\t<\/div>\n\t\t\t\t<div class=\"elementor-element elementor-element-a38a8fb elementor-align-center elementor-widget elementor-widget-button\" data-id=\"a38a8fb\" data-element_type=\"widget\" data-widget_type=\"button.default\">\n\t\t\t\t<div class=\"elementor-widget-container\">\n\t\t\t\t\t<div class=\"elementor-button-wrapper\">\n\t\t\t<a href=\"http:\/\/www.fhsoftspa.cl\/#cotizar\" class=\"elementor-button-link elementor-button elementor-size-sm\" role=\"button\">\n\t\t\t\t\t\t<span class=\"elementor-button-content-wrapper\">\n\t\t\t\t\t\t<span class=\"elementor-button-text\">COTIZAR<\/span>\n\t\t<\/span>\n\t\t\t\t\t<\/a>\n\t\t<\/div>\n\t\t\t\t<\/div>\n\t\t\t\t<\/div>\n\t\t\t\t\t\t<\/div>\n\t\t\t\t\t<\/div>\n\t\t<\/div>\n\t\t\t\t\t\t\t\t<\/div>\n\t\t\t\t\t<\/div>\n\t\t<\/section>\n\t\t\t\t\t\t<\/div>\n\t\t\t\t\t\t<\/div>\n\t\t\t\t\t<\/div>\n\t\t","protected":false},"excerpt":{"rendered":"<p>ROLLOS PAPEL T\u00c9RMICO Rollos de papel t\u00e9rmico de 80MMx80MT y de 57MMx20MT .Venta s\u00f3lo por caja , env\u00edo a convenir. COTIZAR<\/p>\n","protected":false},"author":1,"featured_media":0,"parent":0,"menu_order":0,"comment_status":"closed","ping_status":"closed","template":"","meta":[],"yoast_head":"<!-- This site is optimized with the Yoast SEO plugin v16.1.1 - https:\/\/yoast.com\/wordpress\/plugins\/seo\/ -->\n<title>Rollo de papel - FHSOFTSPA<\/title>\n<meta name=\"robots\" content=\"index, follow, max-snippet:-1, max-image-preview:large, max-video-preview:-1\" \/>\n<link rel=\"canonical\" href=\"http:\/\/www.fhsoftspa.cl\/?page_id=971\" \/>\n<meta property=\"og:locale\" content=\"es_ES\" \/>\n<meta property=\"og:type\" content=\"article\" \/>\n<meta property=\"og:title\" content=\"Rollo de papel - FHSOFTSPA\" \/>\n<meta property=\"og:description\" content=\"ROLLOS PAPEL T\u00c9RMICO Rollos de papel t\u00e9rmico de 80MMx80MT y de 57MMx20MT .Venta s\u00f3lo por caja , env\u00edo a convenir. COTIZAR\" \/>\n<meta property=\"og:url\" content=\"http:\/\/www.fhsoftspa.cl\/?page_id=971\" \/>\n<meta property=\"og:site_name\" content=\"FHSOFTSPA\" \/>\n<meta property=\"article:modified_time\" content=\"2021-02-03T21:12:56+00:00\" \/>\n<meta property=\"og:image\" content=\"http:\/\/www.fhsoftspa.cl\/wp-content\/uploads\/2020\/09\/r.jpg\" \/>\n<meta name=\"twitter:card\" content=\"summary_large_image\" \/>\n<meta name=\"twitter:label1\" content=\"Tiempo de lectura\">\n\t<meta name=\"twitter:data1\" content=\"1 minuto\">\n<script type=\"application\/ld+json\" class=\"yoast-schema-graph\">{\"@context\":\"https:\/\/schema.org\",\"@graph\":[{\"@type\":\"Organization\",\"@id\":\"http:\/\/www.fhsoftspa.cl\/#organization\",\"name\":\"Fhsoft\",\"url\":\"http:\/\/www.fhsoftspa.cl\/\",\"sameAs\":[],\"logo\":{\"@type\":\"ImageObject\",\"@id\":\"http:\/\/www.fhsoftspa.cl\/#logo\",\"inLanguage\":\"es\",\"url\":\"http:\/\/www.fhsoftspa.cl\/wp-content\/uploads\/2020\/08\/logoemerson.png\",\"contentUrl\":\"http:\/\/www.fhsoftspa.cl\/wp-content\/uploads\/2020\/08\/logoemerson.png\",\"width\":340,\"height\":344,\"caption\":\"Fhsoft\"},\"image\":{\"@id\":\"http:\/\/www.fhsoftspa.cl\/#logo\"}},{\"@type\":\"WebSite\",\"@id\":\"http:\/\/www.fhsoftspa.cl\/#website\",\"url\":\"http:\/\/www.fhsoftspa.cl\/\",\"name\":\"FHSOFTSPA\",\"description\":\"\",\"publisher\":{\"@id\":\"http:\/\/www.fhsoftspa.cl\/#organization\"},\"potentialAction\":[{\"@type\":\"SearchAction\",\"target\":\"http:\/\/www.fhsoftspa.cl\/?s={search_term_string}\",\"query-input\":\"required name=search_term_string\"}],\"inLanguage\":\"es\"},{\"@type\":\"ImageObject\",\"@id\":\"http:\/\/www.fhsoftspa.cl\/?page_id=971#primaryimage\",\"inLanguage\":\"es\",\"url\":\"http:\/\/www.fhsoftspa.cl\/wp-content\/uploads\/2020\/09\/r.jpg\",\"contentUrl\":\"http:\/\/www.fhsoftspa.cl\/wp-content\/uploads\/2020\/09\/r.jpg\",\"width\":676,\"height\":357},{\"@type\":\"WebPage\",\"@id\":\"http:\/\/www.fhsoftspa.cl\/?page_id=971#webpage\",\"url\":\"http:\/\/www.fhsoftspa.cl\/?page_id=971\",\"name\":\"Rollo de papel - FHSOFTSPA\",\"isPartOf\":{\"@id\":\"http:\/\/www.fhsoftspa.cl\/#website\"},\"primaryImageOfPage\":{\"@id\":\"http:\/\/www.fhsoftspa.cl\/?page_id=971#primaryimage\"},\"datePublished\":\"2020-09-29T18:30:32+00:00\",\"dateModified\":\"2021-02-03T21:12:56+00:00\",\"breadcrumb\":{\"@id\":\"http:\/\/www.fhsoftspa.cl\/?page_id=971#breadcrumb\"},\"inLanguage\":\"es\",\"potentialAction\":[{\"@type\":\"ReadAction\",\"target\":[\"http:\/\/www.fhsoftspa.cl\/?page_id=971\"]}]},{\"@type\":\"BreadcrumbList\",\"@id\":\"http:\/\/www.fhsoftspa.cl\/?page_id=971#breadcrumb\",\"itemListElement\":[{\"@type\":\"ListItem\",\"position\":1,\"item\":{\"@type\":\"WebPage\",\"@id\":\"http:\/\/www.fhsoftspa.cl\/\",\"url\":\"http:\/\/www.fhsoftspa.cl\/\",\"name\":\"Portada\"}},{\"@type\":\"ListItem\",\"position\":2,\"item\":{\"@type\":\"WebPage\",\"@id\":\"http:\/\/www.fhsoftspa.cl\/?page_id=971\",\"url\":\"http:\/\/www.fhsoftspa.cl\/?page_id=971\",\"name\":\"Rollo de papel\"}}]}]}<\/script>\n<!-- \/ Yoast SEO plugin. -->","_links":{"self":[{"href":"http:\/\/www.fhsoftspa.cl\/index.php?rest_route=\/wp\/v2\/pages\/971"}],"collection":[{"href":"http:\/\/www.fhsoftspa.cl\/index.php?rest_route=\/wp\/v2\/pages"}],"about":[{"href":"http:\/\/www.fhsoftspa.cl\/index.php?rest_route=\/wp\/v2\/types\/page"}],"author":[{"embeddable":true,"href":"http:\/\/www.fhsoftspa.cl\/index.php?rest_route=\/wp\/v2\/users\/1"}],"replies":[{"embeddable":true,"href":"http:\/\/www.fhsoftspa.cl\/index.php?rest_route=%2Fwp%2Fv2%2Fcomments&post=971"}],"version-history":[{"count":8,"href":"http:\/\/www.fhsoftspa.cl\/index.php?rest_route=\/wp\/v2\/pages\/971\/revisions"}],"predecessor-version":[{"id":1088,"href":"http:\/\/www.fhsoftspa.cl\/index.php?rest_route=\/wp\/v2\/pages\/971\/revisions\/1088"}],"wp:attachment":[{"href":"http:\/\/www.fhsoftspa.cl\/index.php?rest_route=%2Fwp%2Fv2%2Fmedia&parent=971"}],"curies":[{"name":"wp","href":"https:\/\/api.w.org\/{rel}","templated":true}]}}