{"id":753,"date":"2020-09-09T23:10:02","date_gmt":"2020-09-09T21:10:02","guid":{"rendered":"http:\/\/www.fhsoftspa.cl\/?page_id=753"},"modified":"2020-09-24T22:59:07","modified_gmt":"2020-09-24T20:59:07","slug":"lectores-2","status":"publish","type":"page","link":"http:\/\/www.fhsoftspa.cl\/?page_id=753","title":{"rendered":"LECTORES"},"content":{"rendered":"\t\t<div data-elementor-type=\"wp-page\" data-elementor-id=\"753\" class=\"elementor elementor-753\" data-elementor-settings=\"[]\">\n\t\t\t\t\t\t<div class=\"elementor-inner\">\n\t\t\t\t\t\t\t<div class=\"elementor-section-wrap\">\n\t\t\t\t\t\t\t<section class=\"elementor-section elementor-top-section elementor-element elementor-element-dfe38f4 elementor-section-boxed elementor-section-height-default elementor-section-height-default\" data-id=\"dfe38f4\" data-element_type=\"section\">\n\t\t\t\t\t\t<div class=\"elementor-container elementor-column-gap-default\">\n\t\t\t\t\t\t\t<div class=\"elementor-row\">\n\t\t\t\t\t<div class=\"elementor-column elementor-col-100 elementor-top-column elementor-element elementor-element-8d54e10\" data-id=\"8d54e10\" data-element_type=\"column\">\n\t\t\t<div class=\"elementor-column-wrap elementor-element-populated\">\n\t\t\t\t\t\t\t<div class=\"elementor-widget-wrap\">\n\t\t\t\t\t\t<div class=\"elementor-element elementor-element-2529e8e elementor-widget elementor-widget-image\" data-id=\"2529e8e\" data-element_type=\"widget\" data-widget_type=\"image.default\">\n\t\t\t\t<div class=\"elementor-widget-container\">\n\t\t\t\t\t<div class=\"elementor-image\">\n\t\t\t\t\t\t\t\t\t\t<img width=\"1024\" height=\"286\" src=\"http:\/\/www.fhsoftspa.cl\/wp-content\/uploads\/2020\/09\/LECTOR_CODIGO-1024x286.jpg\" class=\"attachment-large size-large\" alt=\"\" loading=\"lazy\" srcset=\"http:\/\/www.fhsoftspa.cl\/wp-content\/uploads\/2020\/09\/LECTOR_CODIGO-1024x286.jpg 1024w, http:\/\/www.fhsoftspa.cl\/wp-content\/uploads\/2020\/09\/LECTOR_CODIGO-300x84.jpg 300w, http:\/\/www.fhsoftspa.cl\/wp-content\/uploads\/2020\/09\/LECTOR_CODIGO-768x214.jpg 768w, http:\/\/www.fhsoftspa.cl\/wp-content\/uploads\/2020\/09\/LECTOR_CODIGO.jpg 1280w\" sizes=\"(max-width: 1024px) 100vw, 1024px\" \/>\t\t\t\t\t\t\t\t\t\t\t<\/div>\n\t\t\t\t<\/div>\n\t\t\t\t<\/div>\n\t\t\t\t<div class=\"elementor-element elementor-element-5c21fad elementor-widget elementor-widget-text-editor\" data-id=\"5c21fad\" data-element_type=\"widget\" data-widget_type=\"text-editor.default\">\n\t\t\t\t<div class=\"elementor-widget-container\">\n\t\t\t\t\t<div class=\"elementor-text-editor elementor-clearfix\"><p>Lectores multiuso que satisface todas las necesidades que su tienda podr\u00eda requerir. Su funcionabilidad superior combinada con una apariencia est\u00e9tica garantiza que se ajuste bien a la decoraci\u00f3n de cualquier tienda.<\/p><\/div>\n\t\t\t\t<\/div>\n\t\t\t\t<\/div>\n\t\t\t\t<div class=\"elementor-element elementor-element-c3120c1 elementor-widget elementor-widget-button\" data-id=\"c3120c1\" data-element_type=\"widget\" data-widget_type=\"button.default\">\n\t\t\t\t<div class=\"elementor-widget-container\">\n\t\t\t\t\t<div class=\"elementor-button-wrapper\">\n\t\t\t<a href=\"http:\/\/www.fhsoftspa.cl\/#cotizar\" class=\"elementor-button-link elementor-button elementor-size-sm\" role=\"button\">\n\t\t\t\t\t\t<span class=\"elementor-button-content-wrapper\">\n\t\t\t\t\t\t<span class=\"elementor-button-text\">COTIZAR<\/span>\n\t\t<\/span>\n\t\t\t\t\t<\/a>\n\t\t<\/div>\n\t\t\t\t<\/div>\n\t\t\t\t<\/div>\n\t\t\t\t\t\t<\/div>\n\t\t\t\t\t<\/div>\n\t\t<\/div>\n\t\t\t\t\t\t\t\t<\/div>\n\t\t\t\t\t<\/div>\n\t\t<\/section>\n\t\t\t\t\t\t<\/div>\n\t\t\t\t\t\t<\/div>\n\t\t\t\t\t<\/div>\n\t\t","protected":false},"excerpt":{"rendered":"<p>Lectores multiuso que satisface todas las necesidades que su tienda podr\u00eda requerir. Su funcionabilidad superior combinada con una apariencia est\u00e9tica garantiza que se ajuste bien a la decoraci\u00f3n de cualquier tienda. COTIZAR<\/p>\n","protected":false},"author":1,"featured_media":0,"parent":0,"menu_order":0,"comment_status":"closed","ping_status":"closed","template":"","meta":[],"yoast_head":"<!-- This site is optimized with the Yoast SEO plugin v16.1.1 - https:\/\/yoast.com\/wordpress\/plugins\/seo\/ -->\n<title>LECTORES - FHSOFTSPA<\/title>\n<meta name=\"robots\" content=\"index, follow, max-snippet:-1, max-image-preview:large, max-video-preview:-1\" \/>\n<link rel=\"canonical\" href=\"http:\/\/www.fhsoftspa.cl\/?page_id=753\" \/>\n<meta property=\"og:locale\" content=\"es_ES\" \/>\n<meta property=\"og:type\" content=\"article\" \/>\n<meta property=\"og:title\" content=\"LECTORES - FHSOFTSPA\" \/>\n<meta property=\"og:description\" content=\"Lectores multiuso que satisface todas las necesidades que su tienda podr\u00eda requerir. Su funcionabilidad superior combinada con una apariencia est\u00e9tica garantiza que se ajuste bien a la decoraci\u00f3n de cualquier tienda. COTIZAR\" \/>\n<meta property=\"og:url\" content=\"http:\/\/www.fhsoftspa.cl\/?page_id=753\" \/>\n<meta property=\"og:site_name\" content=\"FHSOFTSPA\" \/>\n<meta property=\"article:modified_time\" content=\"2020-09-24T20:59:07+00:00\" \/>\n<meta property=\"og:image\" content=\"http:\/\/www.fhsoftspa.cl\/wp-content\/uploads\/2020\/09\/LECTOR_CODIGO-1024x286.jpg\" \/>\n<meta name=\"twitter:card\" content=\"summary_large_image\" \/>\n<script type=\"application\/ld+json\" class=\"yoast-schema-graph\">{\"@context\":\"https:\/\/schema.org\",\"@graph\":[{\"@type\":\"Organization\",\"@id\":\"http:\/\/www.fhsoftspa.cl\/#organization\",\"name\":\"Fhsoft\",\"url\":\"http:\/\/www.fhsoftspa.cl\/\",\"sameAs\":[],\"logo\":{\"@type\":\"ImageObject\",\"@id\":\"http:\/\/www.fhsoftspa.cl\/#logo\",\"inLanguage\":\"es\",\"url\":\"http:\/\/www.fhsoftspa.cl\/wp-content\/uploads\/2020\/08\/logoemerson.png\",\"contentUrl\":\"http:\/\/www.fhsoftspa.cl\/wp-content\/uploads\/2020\/08\/logoemerson.png\",\"width\":340,\"height\":344,\"caption\":\"Fhsoft\"},\"image\":{\"@id\":\"http:\/\/www.fhsoftspa.cl\/#logo\"}},{\"@type\":\"WebSite\",\"@id\":\"http:\/\/www.fhsoftspa.cl\/#website\",\"url\":\"http:\/\/www.fhsoftspa.cl\/\",\"name\":\"FHSOFTSPA\",\"description\":\"\",\"publisher\":{\"@id\":\"http:\/\/www.fhsoftspa.cl\/#organization\"},\"potentialAction\":[{\"@type\":\"SearchAction\",\"target\":\"http:\/\/www.fhsoftspa.cl\/?s={search_term_string}\",\"query-input\":\"required name=search_term_string\"}],\"inLanguage\":\"es\"},{\"@type\":\"ImageObject\",\"@id\":\"http:\/\/www.fhsoftspa.cl\/?page_id=753#primaryimage\",\"inLanguage\":\"es\",\"url\":\"http:\/\/www.fhsoftspa.cl\/wp-content\/uploads\/2020\/09\/LECTOR_CODIGO.jpg\",\"contentUrl\":\"http:\/\/www.fhsoftspa.cl\/wp-content\/uploads\/2020\/09\/LECTOR_CODIGO.jpg\",\"width\":1280,\"height\":357},{\"@type\":\"WebPage\",\"@id\":\"http:\/\/www.fhsoftspa.cl\/?page_id=753#webpage\",\"url\":\"http:\/\/www.fhsoftspa.cl\/?page_id=753\",\"name\":\"LECTORES - FHSOFTSPA\",\"isPartOf\":{\"@id\":\"http:\/\/www.fhsoftspa.cl\/#website\"},\"primaryImageOfPage\":{\"@id\":\"http:\/\/www.fhsoftspa.cl\/?page_id=753#primaryimage\"},\"datePublished\":\"2020-09-09T21:10:02+00:00\",\"dateModified\":\"2020-09-24T20:59:07+00:00\",\"breadcrumb\":{\"@id\":\"http:\/\/www.fhsoftspa.cl\/?page_id=753#breadcrumb\"},\"inLanguage\":\"es\",\"potentialAction\":[{\"@type\":\"ReadAction\",\"target\":[\"http:\/\/www.fhsoftspa.cl\/?page_id=753\"]}]},{\"@type\":\"BreadcrumbList\",\"@id\":\"http:\/\/www.fhsoftspa.cl\/?page_id=753#breadcrumb\",\"itemListElement\":[{\"@type\":\"ListItem\",\"position\":1,\"item\":{\"@type\":\"WebPage\",\"@id\":\"http:\/\/www.fhsoftspa.cl\/\",\"url\":\"http:\/\/www.fhsoftspa.cl\/\",\"name\":\"Portada\"}},{\"@type\":\"ListItem\",\"position\":2,\"item\":{\"@type\":\"WebPage\",\"@id\":\"http:\/\/www.fhsoftspa.cl\/?page_id=753\",\"url\":\"http:\/\/www.fhsoftspa.cl\/?page_id=753\",\"name\":\"LECTORES\"}}]}]}<\/script>\n<!-- \/ Yoast SEO plugin. -->","_links":{"self":[{"href":"http:\/\/www.fhsoftspa.cl\/index.php?rest_route=\/wp\/v2\/pages\/753"}],"collection":[{"href":"http:\/\/www.fhsoftspa.cl\/index.php?rest_route=\/wp\/v2\/pages"}],"about":[{"href":"http:\/\/www.fhsoftspa.cl\/index.php?rest_route=\/wp\/v2\/types\/page"}],"author":[{"embeddable":true,"href":"http:\/\/www.fhsoftspa.cl\/index.php?rest_route=\/wp\/v2\/users\/1"}],"replies":[{"embeddable":true,"href":"http:\/\/www.fhsoftspa.cl\/index.php?rest_route=%2Fwp%2Fv2%2Fcomments&post=753"}],"version-history":[{"count":3,"href":"http:\/\/www.fhsoftspa.cl\/index.php?rest_route=\/wp\/v2\/pages\/753\/revisions"}],"predecessor-version":[{"id":960,"href":"http:\/\/www.fhsoftspa.cl\/index.php?rest_route=\/wp\/v2\/pages\/753\/revisions\/960"}],"wp:attachment":[{"href":"http:\/\/www.fhsoftspa.cl\/index.php?rest_route=%2Fwp%2Fv2%2Fmedia&parent=753"}],"curies":[{"name":"wp","href":"https:\/\/api.w.org\/{rel}","templated":true}]}}