{"id":157,"date":"2020-08-21T17:44:56","date_gmt":"2020-08-21T15:44:56","guid":{"rendered":"http:\/\/www.fhsoftspa.cl\/?page_id=157"},"modified":"2020-09-24T23:00:19","modified_gmt":"2020-09-24T21:00:19","slug":"summi","status":"publish","type":"page","link":"http:\/\/www.fhsoftspa.cl\/?page_id=157","title":{"rendered":"Sunmi T1"},"content":{"rendered":"\t\t<div data-elementor-type=\"wp-page\" data-elementor-id=\"157\" class=\"elementor elementor-157\" data-elementor-settings=\"[]\">\n\t\t\t\t\t\t<div class=\"elementor-inner\">\n\t\t\t\t\t\t\t<div class=\"elementor-section-wrap\">\n\t\t\t\t\t\t\t<section class=\"elementor-section elementor-top-section elementor-element elementor-element-5001ffe elementor-section-boxed elementor-section-height-default elementor-section-height-default\" data-id=\"5001ffe\" data-element_type=\"section\">\n\t\t\t\t\t\t<div class=\"elementor-container elementor-column-gap-default\">\n\t\t\t\t\t\t\t<div class=\"elementor-row\">\n\t\t\t\t\t<div class=\"elementor-column elementor-col-100 elementor-top-column elementor-element elementor-element-ff49ed6\" data-id=\"ff49ed6\" data-element_type=\"column\">\n\t\t\t<div class=\"elementor-column-wrap elementor-element-populated\">\n\t\t\t\t\t\t\t<div class=\"elementor-widget-wrap\">\n\t\t\t\t\t\t<div class=\"elementor-element elementor-element-c222fad elementor-widget elementor-widget-image\" data-id=\"c222fad\" data-element_type=\"widget\" data-widget_type=\"image.default\">\n\t\t\t\t<div class=\"elementor-widget-container\">\n\t\t\t\t\t<div class=\"elementor-image\">\n\t\t\t\t\t\t\t\t\t\t<img width=\"676\" height=\"357\" src=\"http:\/\/www.fhsoftspa.cl\/wp-content\/uploads\/2020\/09\/t1-2.jpg\" class=\"attachment-large size-large\" alt=\"\" loading=\"lazy\" srcset=\"http:\/\/www.fhsoftspa.cl\/wp-content\/uploads\/2020\/09\/t1-2.jpg 676w, http:\/\/www.fhsoftspa.cl\/wp-content\/uploads\/2020\/09\/t1-2-300x158.jpg 300w\" sizes=\"(max-width: 676px) 100vw, 676px\" \/>\t\t\t\t\t\t\t\t\t\t\t<\/div>\n\t\t\t\t<\/div>\n\t\t\t\t<\/div>\n\t\t\t\t<div class=\"elementor-element elementor-element-1cfad6c elementor-widget elementor-widget-heading\" data-id=\"1cfad6c\" data-element_type=\"widget\" data-widget_type=\"heading.default\">\n\t\t\t\t<div class=\"elementor-widget-container\">\n\t\t\t<h3 class=\"elementor-heading-title elementor-size-default\">SUNMMI T1<\/h3>\t\t<\/div>\n\t\t\t\t<\/div>\n\t\t\t\t<div class=\"elementor-element elementor-element-61cb8b1 elementor-widget elementor-widget-text-editor\" data-id=\"61cb8b1\" data-element_type=\"widget\" data-widget_type=\"text-editor.default\">\n\t\t\t\t<div class=\"elementor-widget-container\">\n\t\t\t\t\t<div class=\"elementor-text-editor elementor-clearfix\"><div>As\u00ed es como deber\u00eda ser un producto insignia.<\/div><div><p>Redefine el punto de venta inteligente desde el hardware hasta el sistema<\/p><div class=\"page_2_title\"><strong>Funcionamiento m\u00e1s estableo<br \/><\/strong>Octa-core Qualcomm Snapdragon 16G + 2G de memoria<br \/><br \/><\/div><div class=\"page_2_title\"><strong>Uso m\u00e1s f\u00e1cil<\/strong><br \/>Pantalla t\u00e1ctil FULL HD IPS de 14&#8243;\u4e28Interacci\u00f3n entre pantalla doble y sistema doble<\/div><\/div><div>\u00a0<\/div><div><div class=\"page_2_subTitle\"><div class=\"page_2_title\"><strong>Impresora Seiko<\/strong><\/div><div class=\"page_2_subTitle\">Impresora t\u00e9rmica de alta velocidad 80 de Seiko, Jap\u00f3n<\/div><\/div><\/div><\/div>\n\t\t\t\t<\/div>\n\t\t\t\t<\/div>\n\t\t\t\t<div class=\"elementor-element elementor-element-33a689b elementor-widget elementor-widget-button\" data-id=\"33a689b\" data-element_type=\"widget\" data-widget_type=\"button.default\">\n\t\t\t\t<div class=\"elementor-widget-container\">\n\t\t\t\t\t<div class=\"elementor-button-wrapper\">\n\t\t\t<a href=\"http:\/\/www.fhsoftspa.cl\/#cotizar\" class=\"elementor-button-link elementor-button elementor-size-sm\" role=\"button\">\n\t\t\t\t\t\t<span class=\"elementor-button-content-wrapper\">\n\t\t\t\t\t\t<span class=\"elementor-button-text\">COTIZAR<\/span>\n\t\t<\/span>\n\t\t\t\t\t<\/a>\n\t\t<\/div>\n\t\t\t\t<\/div>\n\t\t\t\t<\/div>\n\t\t\t\t\t\t<\/div>\n\t\t\t\t\t<\/div>\n\t\t<\/div>\n\t\t\t\t\t\t\t\t<\/div>\n\t\t\t\t\t<\/div>\n\t\t<\/section>\n\t\t\t\t\t\t<\/div>\n\t\t\t\t\t\t<\/div>\n\t\t\t\t\t<\/div>\n\t\t","protected":false},"excerpt":{"rendered":"<p>SUNMMI T1 As\u00ed es como deber\u00eda ser un producto insignia. Redefine el punto de venta inteligente desde el hardware hasta el sistema Funcionamiento m\u00e1s estableoOcta-core Qualcomm Snapdragon 16G + 2G de memoria Uso m\u00e1s f\u00e1cilPantalla t\u00e1ctil FULL HD IPS de 14&#8243;\u4e28Interacci\u00f3n entre pantalla doble y sistema doble\u00a0Impresora SeikoImpresora t\u00e9rmica de alta velocidad 80 de Seiko,&hellip; <br \/> <a class=\"read-more\" href=\"http:\/\/www.fhsoftspa.cl\/?page_id=157\">Leer m\u00e1s<\/a><\/p>\n","protected":false},"author":1,"featured_media":0,"parent":0,"menu_order":0,"comment_status":"closed","ping_status":"closed","template":"","meta":[],"yoast_head":"<!-- This site is optimized with the Yoast SEO plugin v16.1.1 - https:\/\/yoast.com\/wordpress\/plugins\/seo\/ -->\n<title>Sunmi T1 - FHSOFTSPA<\/title>\n<meta name=\"robots\" content=\"index, follow, max-snippet:-1, max-image-preview:large, max-video-preview:-1\" \/>\n<link rel=\"canonical\" href=\"http:\/\/www.fhsoftspa.cl\/?page_id=157\" \/>\n<meta property=\"og:locale\" content=\"es_ES\" \/>\n<meta property=\"og:type\" content=\"article\" \/>\n<meta property=\"og:title\" content=\"Sunmi T1 - FHSOFTSPA\" \/>\n<meta property=\"og:description\" content=\"SUNMMI T1 As\u00ed es como deber\u00eda ser un producto insignia. Redefine el punto de venta inteligente desde el hardware hasta el sistema Funcionamiento m\u00e1s estableoOcta-core Qualcomm Snapdragon 16G + 2G de memoria Uso m\u00e1s f\u00e1cilPantalla t\u00e1ctil FULL HD IPS de 14&#8243;\u4e28Interacci\u00f3n entre pantalla doble y sistema doble\u00a0Impresora SeikoImpresora t\u00e9rmica de alta velocidad 80 de Seiko,&hellip; Leer m\u00e1s\" \/>\n<meta property=\"og:url\" content=\"http:\/\/www.fhsoftspa.cl\/?page_id=157\" \/>\n<meta property=\"og:site_name\" content=\"FHSOFTSPA\" \/>\n<meta property=\"article:modified_time\" content=\"2020-09-24T21:00:19+00:00\" \/>\n<meta property=\"og:image\" content=\"http:\/\/www.fhsoftspa.cl\/wp-content\/uploads\/2020\/09\/t1-2.jpg\" \/>\n<meta name=\"twitter:card\" content=\"summary_large_image\" \/>\n<script type=\"application\/ld+json\" class=\"yoast-schema-graph\">{\"@context\":\"https:\/\/schema.org\",\"@graph\":[{\"@type\":\"Organization\",\"@id\":\"http:\/\/www.fhsoftspa.cl\/#organization\",\"name\":\"Fhsoft\",\"url\":\"http:\/\/www.fhsoftspa.cl\/\",\"sameAs\":[],\"logo\":{\"@type\":\"ImageObject\",\"@id\":\"http:\/\/www.fhsoftspa.cl\/#logo\",\"inLanguage\":\"es\",\"url\":\"http:\/\/www.fhsoftspa.cl\/wp-content\/uploads\/2020\/08\/logoemerson.png\",\"contentUrl\":\"http:\/\/www.fhsoftspa.cl\/wp-content\/uploads\/2020\/08\/logoemerson.png\",\"width\":340,\"height\":344,\"caption\":\"Fhsoft\"},\"image\":{\"@id\":\"http:\/\/www.fhsoftspa.cl\/#logo\"}},{\"@type\":\"WebSite\",\"@id\":\"http:\/\/www.fhsoftspa.cl\/#website\",\"url\":\"http:\/\/www.fhsoftspa.cl\/\",\"name\":\"FHSOFTSPA\",\"description\":\"\",\"publisher\":{\"@id\":\"http:\/\/www.fhsoftspa.cl\/#organization\"},\"potentialAction\":[{\"@type\":\"SearchAction\",\"target\":\"http:\/\/www.fhsoftspa.cl\/?s={search_term_string}\",\"query-input\":\"required name=search_term_string\"}],\"inLanguage\":\"es\"},{\"@type\":\"ImageObject\",\"@id\":\"http:\/\/www.fhsoftspa.cl\/?page_id=157#primaryimage\",\"inLanguage\":\"es\",\"url\":\"http:\/\/www.fhsoftspa.cl\/wp-content\/uploads\/2020\/09\/t1-2.jpg\",\"contentUrl\":\"http:\/\/www.fhsoftspa.cl\/wp-content\/uploads\/2020\/09\/t1-2.jpg\",\"width\":676,\"height\":357},{\"@type\":\"WebPage\",\"@id\":\"http:\/\/www.fhsoftspa.cl\/?page_id=157#webpage\",\"url\":\"http:\/\/www.fhsoftspa.cl\/?page_id=157\",\"name\":\"Sunmi T1 - FHSOFTSPA\",\"isPartOf\":{\"@id\":\"http:\/\/www.fhsoftspa.cl\/#website\"},\"primaryImageOfPage\":{\"@id\":\"http:\/\/www.fhsoftspa.cl\/?page_id=157#primaryimage\"},\"datePublished\":\"2020-08-21T15:44:56+00:00\",\"dateModified\":\"2020-09-24T21:00:19+00:00\",\"breadcrumb\":{\"@id\":\"http:\/\/www.fhsoftspa.cl\/?page_id=157#breadcrumb\"},\"inLanguage\":\"es\",\"potentialAction\":[{\"@type\":\"ReadAction\",\"target\":[\"http:\/\/www.fhsoftspa.cl\/?page_id=157\"]}]},{\"@type\":\"BreadcrumbList\",\"@id\":\"http:\/\/www.fhsoftspa.cl\/?page_id=157#breadcrumb\",\"itemListElement\":[{\"@type\":\"ListItem\",\"position\":1,\"item\":{\"@type\":\"WebPage\",\"@id\":\"http:\/\/www.fhsoftspa.cl\/\",\"url\":\"http:\/\/www.fhsoftspa.cl\/\",\"name\":\"Portada\"}},{\"@type\":\"ListItem\",\"position\":2,\"item\":{\"@type\":\"WebPage\",\"@id\":\"http:\/\/www.fhsoftspa.cl\/?page_id=157\",\"url\":\"http:\/\/www.fhsoftspa.cl\/?page_id=157\",\"name\":\"Sunmi T1\"}}]}]}<\/script>\n<!-- \/ Yoast SEO plugin. -->","_links":{"self":[{"href":"http:\/\/www.fhsoftspa.cl\/index.php?rest_route=\/wp\/v2\/pages\/157"}],"collection":[{"href":"http:\/\/www.fhsoftspa.cl\/index.php?rest_route=\/wp\/v2\/pages"}],"about":[{"href":"http:\/\/www.fhsoftspa.cl\/index.php?rest_route=\/wp\/v2\/types\/page"}],"author":[{"embeddable":true,"href":"http:\/\/www.fhsoftspa.cl\/index.php?rest_route=\/wp\/v2\/users\/1"}],"replies":[{"embeddable":true,"href":"http:\/\/www.fhsoftspa.cl\/index.php?rest_route=%2Fwp%2Fv2%2Fcomments&post=157"}],"version-history":[{"count":5,"href":"http:\/\/www.fhsoftspa.cl\/index.php?rest_route=\/wp\/v2\/pages\/157\/revisions"}],"predecessor-version":[{"id":961,"href":"http:\/\/www.fhsoftspa.cl\/index.php?rest_route=\/wp\/v2\/pages\/157\/revisions\/961"}],"wp:attachment":[{"href":"http:\/\/www.fhsoftspa.cl\/index.php?rest_route=%2Fwp%2Fv2%2Fmedia&parent=157"}],"curies":[{"name":"wp","href":"https:\/\/api.w.org\/{rel}","templated":true}]}}