{"id":1077,"date":"2021-01-22T18:55:49","date_gmt":"2021-01-22T17:55:49","guid":{"rendered":"http:\/\/www.fhsoftspa.cl\/?page_id=1077"},"modified":"2021-01-22T19:26:38","modified_gmt":"2021-01-22T18:26:38","slug":"formulario-aceptacion","status":"publish","type":"page","link":"http:\/\/www.fhsoftspa.cl\/?page_id=1077","title":{"rendered":"Formulario Aceptaci\u00f3n"},"content":{"rendered":"<div class=\"wpforms-container wpforms-container-full\" id=\"wpforms-1076\"><form id=\"wpforms-form-1076\" class=\"wpforms-validate wpforms-form\" data-formid=\"1076\" method=\"post\" enctype=\"multipart\/form-data\" action=\"\/index.php?rest_route=%2Fwp%2Fv2%2Fpages%2F1077\" data-token=\"b05da979e9dea9aac9d739dea41e983e\"><noscript class=\"wpforms-error-noscript\">Por favor, activa JavaScript en tu navegador para completar este formulario.<\/noscript><div class=\"wpforms-field-container\"><div id=\"wpforms-1076-field_22-container\" class=\"wpforms-field wpforms-field-checkbox\" data-field-id=\"22\"><label class=\"wpforms-field-label\" for=\"wpforms-1076-field_22\">Certificaciones<\/label><ul id=\"wpforms-1076-field_22\"><li class=\"choice-1 depth-1\"><input type=\"checkbox\" id=\"wpforms-1076-field_22_1\" name=\"wpforms[fields][22][]\" value=\"Set B\u00e1sico Factura Electr\u00f3nica, Nota de Cr\u00e9dito y Debito\"  ><label class=\"wpforms-field-label-inline\" for=\"wpforms-1076-field_22_1\">Set B\u00e1sico Factura Electr\u00f3nica, Nota de Cr\u00e9dito y Debito<\/label><\/li><li class=\"choice-2 depth-1\"><input type=\"checkbox\" id=\"wpforms-1076-field_22_2\" name=\"wpforms[fields][22][]\" value=\"Boleta Electr\u00f3nica (Set Adicional)\"  ><label class=\"wpforms-field-label-inline\" for=\"wpforms-1076-field_22_2\">Boleta Electr\u00f3nica (Set Adicional)<\/label><\/li><li class=\"choice-3 depth-1\"><input type=\"checkbox\" id=\"wpforms-1076-field_22_3\" name=\"wpforms[fields][22][]\" value=\"Gu\u00eda Electr\u00f3nica (Set Adicional)\"  ><label class=\"wpforms-field-label-inline\" for=\"wpforms-1076-field_22_3\">Gu\u00eda Electr\u00f3nica (Set Adicional)<\/label><\/li><\/ul><\/div><div id=\"wpforms-1076-field_24-container\" class=\"wpforms-field wpforms-field-text\" data-field-id=\"24\"><label class=\"wpforms-field-label\" for=\"wpforms-1076-field_24\">DATOS DE LA EMPRESA: Raz\u00f3n Social <span class=\"wpforms-required-label\">*<\/span><\/label><input type=\"text\" id=\"wpforms-1076-field_24\" class=\"wpforms-field-medium wpforms-field-required\" name=\"wpforms[fields][24]\" required><\/div><div id=\"wpforms-1076-field_5-container\" class=\"wpforms-field wpforms-field-text\" data-field-id=\"5\"><label class=\"wpforms-field-label\" for=\"wpforms-1076-field_5\">Nombre de Fantas\u00eda<\/label><input type=\"text\" id=\"wpforms-1076-field_5\" class=\"wpforms-field-medium\" name=\"wpforms[fields][5]\" ><\/div><div id=\"wpforms-1076-field_6-container\" class=\"wpforms-field wpforms-field-text\" data-field-id=\"6\"><label class=\"wpforms-field-label\" for=\"wpforms-1076-field_6\">Direcci\u00f3n <span class=\"wpforms-required-label\">*<\/span><\/label><input type=\"text\" id=\"wpforms-1076-field_6\" class=\"wpforms-field-medium wpforms-field-required\" name=\"wpforms[fields][6]\" required><\/div><div id=\"wpforms-1076-field_8-container\" class=\"wpforms-field wpforms-field-text\" data-field-id=\"8\"><label class=\"wpforms-field-label\" for=\"wpforms-1076-field_8\">Ciudad <span class=\"wpforms-required-label\">*<\/span><\/label><input type=\"text\" id=\"wpforms-1076-field_8\" class=\"wpforms-field-small wpforms-field-required\" name=\"wpforms[fields][8]\" required><\/div><div id=\"wpforms-1076-field_7-container\" class=\"wpforms-field wpforms-field-text\" data-field-id=\"7\"><label class=\"wpforms-field-label\" for=\"wpforms-1076-field_7\">Rut <span class=\"wpforms-required-label\">*<\/span><\/label><input type=\"text\" id=\"wpforms-1076-field_7\" class=\"wpforms-field-small wpforms-field-required\" name=\"wpforms[fields][7]\" required><\/div><div id=\"wpforms-1076-field_9-container\" class=\"wpforms-field wpforms-field-text\" data-field-id=\"9\"><label class=\"wpforms-field-label\" for=\"wpforms-1076-field_9\">Giro Nombre <span class=\"wpforms-required-label\">*<\/span><\/label><input type=\"text\" id=\"wpforms-1076-field_9\" class=\"wpforms-field-medium wpforms-field-required\" name=\"wpforms[fields][9]\" required><\/div><div id=\"wpforms-1076-field_26-container\" class=\"wpforms-field wpforms-field-text\" data-field-id=\"26\"><label class=\"wpforms-field-label\" for=\"wpforms-1076-field_26\">Acteco(C\u00f3digo Actividad) <span class=\"wpforms-required-label\">*<\/span><\/label><input type=\"text\" id=\"wpforms-1076-field_26\" class=\"wpforms-field-medium wpforms-field-required\" name=\"wpforms[fields][26]\" required><\/div><div id=\"wpforms-1076-field_10-container\" class=\"wpforms-field wpforms-field-text\" data-field-id=\"10\"><label class=\"wpforms-field-label\" for=\"wpforms-1076-field_10\">Fono <span class=\"wpforms-required-label\">*<\/span><\/label><input type=\"text\" id=\"wpforms-1076-field_10\" class=\"wpforms-field-small wpforms-field-required\" name=\"wpforms[fields][10]\" required><\/div><div id=\"wpforms-1076-field_1-container\" class=\"wpforms-field wpforms-field-email\" data-field-id=\"1\"><label class=\"wpforms-field-label\" for=\"wpforms-1076-field_1\">Correo electr\u00f3nico <span class=\"wpforms-required-label\">*<\/span><\/label><input type=\"email\" id=\"wpforms-1076-field_1\" class=\"wpforms-field-small wpforms-field-required\" name=\"wpforms[fields][1]\" required><\/div><div id=\"wpforms-1076-field_27-container\" class=\"wpforms-field wpforms-field-text\" data-field-id=\"27\"><label class=\"wpforms-field-label\" for=\"wpforms-1076-field_27\">Comuna (de tr\u00e1mites del Sii)  <span class=\"wpforms-required-label\">*<\/span><\/label><input type=\"text\" id=\"wpforms-1076-field_27\" class=\"wpforms-field-medium wpforms-field-required\" name=\"wpforms[fields][27]\" required><\/div><div id=\"wpforms-1076-field_11-container\" class=\"wpforms-field wpforms-field-text\" data-field-id=\"11\"><label class=\"wpforms-field-label\" for=\"wpforms-1076-field_11\">C\u00f3digo Comuna (de tr\u00e1mites del Sii) <span class=\"wpforms-required-label\">*<\/span><\/label><input type=\"text\" id=\"wpforms-1076-field_11\" class=\"wpforms-field-medium wpforms-field-required\" name=\"wpforms[fields][11]\" required><\/div><div id=\"wpforms-1076-field_0-container\" class=\"wpforms-field wpforms-field-name\" data-field-id=\"0\"><label class=\"wpforms-field-label\" for=\"wpforms-1076-field_0\">DATOS REPRESENTANTE LEGAL <span class=\"wpforms-required-label\">*<\/span><\/label><div class=\"wpforms-field-row wpforms-field-medium\"><div class=\"wpforms-field-row-block wpforms-first wpforms-one-half\"><input type=\"text\" id=\"wpforms-1076-field_0\" class=\"wpforms-field-name-first wpforms-field-required\" name=\"wpforms[fields][0][first]\" required><label for=\"wpforms-1076-field_0\" class=\"wpforms-field-sublabel after \">Nombre<\/label><\/div><div class=\"wpforms-field-row-block wpforms-one-half\"><input type=\"text\" id=\"wpforms-1076-field_0-last\" class=\"wpforms-field-name-last wpforms-field-required\" name=\"wpforms[fields][0][last]\" required><label for=\"wpforms-1076-field_0-last\" class=\"wpforms-field-sublabel after \">Apellidos<\/label><\/div><\/div><\/div><div id=\"wpforms-1076-field_13-container\" class=\"wpforms-field wpforms-field-text\" data-field-id=\"13\"><label class=\"wpforms-field-label\" for=\"wpforms-1076-field_13\">Rut <span class=\"wpforms-required-label\">*<\/span><\/label><input type=\"text\" id=\"wpforms-1076-field_13\" class=\"wpforms-field-small wpforms-field-required\" name=\"wpforms[fields][13]\" required><\/div><div id=\"wpforms-1076-field_12-container\" class=\"wpforms-field wpforms-field-text\" data-field-id=\"12\"><label class=\"wpforms-field-label\" for=\"wpforms-1076-field_12\">Direcci\u00f3n<\/label><input type=\"text\" id=\"wpforms-1076-field_12\" class=\"wpforms-field-medium\" name=\"wpforms[fields][12]\" ><\/div><div id=\"wpforms-1076-field_17-container\" class=\"wpforms-field wpforms-field-text\" data-field-id=\"17\"><label class=\"wpforms-field-label\" for=\"wpforms-1076-field_17\">Fono <span class=\"wpforms-required-label\">*<\/span><\/label><input type=\"text\" id=\"wpforms-1076-field_17\" class=\"wpforms-field-small wpforms-field-required\" name=\"wpforms[fields][17]\" required><\/div><div id=\"wpforms-1076-field_14-container\" class=\"wpforms-field wpforms-field-email\" data-field-id=\"14\"><label class=\"wpforms-field-label\" for=\"wpforms-1076-field_14\">Correo electr\u00f3nico <span class=\"wpforms-required-label\">*<\/span><\/label><input type=\"email\" id=\"wpforms-1076-field_14\" class=\"wpforms-field-medium wpforms-field-required\" name=\"wpforms[fields][14]\" required><\/div><div id=\"wpforms-1076-field_25-container\" class=\"wpforms-field wpforms-field-textarea\" data-field-id=\"25\"><label class=\"wpforms-field-label\" for=\"wpforms-1076-field_25\">Escriba el Detalle del Plan Solicitado<\/label><textarea id=\"wpforms-1076-field_25\" class=\"wpforms-field-medium\" name=\"wpforms[fields][25]\" ><\/textarea><\/div><div id=\"wpforms-1076-field_23-container\" class=\"wpforms-field wpforms-field-radio\" data-field-id=\"23\"><label class=\"wpforms-field-label\" for=\"wpforms-1076-field_23\">Acepta  la puesta en marcha de Documentos electr\u00f3nicos  del contribuyente con los \u00edtems contratados . <span class=\"wpforms-required-label\">*<\/span><\/label><ul id=\"wpforms-1076-field_23\" class=\"wpforms-field-required\"><li class=\"choice-1 depth-1\"><input type=\"radio\" id=\"wpforms-1076-field_23_1\" name=\"wpforms[fields][23]\" value=\"Si, acepto.\" required ><label class=\"wpforms-field-label-inline\" for=\"wpforms-1076-field_23_1\">Si, acepto.<\/label><\/li><li class=\"choice-2 depth-1\"><input type=\"radio\" id=\"wpforms-1076-field_23_2\" name=\"wpforms[fields][23]\" value=\"No, acepto.\" required ><label class=\"wpforms-field-label-inline\" for=\"wpforms-1076-field_23_2\">No, acepto.<\/label><\/li><\/ul><\/div><\/div><div class=\"wpforms-submit-container\" ><input type=\"hidden\" name=\"wpforms[id]\" value=\"1076\"><input type=\"hidden\" name=\"wpforms[author]\" value=\"1\"><button type=\"submit\" name=\"wpforms[submit]\" class=\"wpforms-submit \" id=\"wpforms-submit-1076\" value=\"wpforms-submit\" aria-live=\"assertive\" data-alt-text=\"Enviando...\" data-submit-text=\"Enviar\">Enviar<\/button><\/div><\/form><\/div>  <!-- .wpforms-container -->\n<p><b>Requerimientos adicionales.<\/b><\/p>\n<p style=\"text-align: justify;\"><strong>1.- Enviar Archivo .pfx de Certificado digital Simple incluyendo contrase\u00f1a de Certificado a nuestro Correo.<\/strong><\/p>\n<p style=\"text-align: justify;\"><strong>En el caso que el cliente no disponga de este certificado, nos autorizar\u00e1 para poder comprarlo y el valor de este certificado se recargar\u00e1 al valor del presupuesto.<\/strong><\/p>\n<p style=\"text-align: justify;\"><strong>2.- Enviar Foto del Logo de la empresa en formato JPG<\/strong><\/p>\n<p style=\"text-align: justify;\"><strong>3.- Enviar antecedentes al correo <a href=\"mailto:ventas@fhsoft.cl\">ventas@fhsoft.cl<\/a><\/strong><\/p>\n","protected":false},"excerpt":{"rendered":"<p>Requerimientos adicionales. 1.- Enviar Archivo .pfx de Certificado digital Simple incluyendo contrase\u00f1a de Certificado a nuestro Correo. En el caso que el cliente no disponga de este certificado, nos autorizar\u00e1 para poder comprarlo y el valor de este certificado se recargar\u00e1 al valor del presupuesto. 2.- Enviar Foto del Logo de la empresa en formato&hellip; <br \/> <a class=\"read-more\" href=\"http:\/\/www.fhsoftspa.cl\/?page_id=1077\">Leer m\u00e1s<\/a><\/p>\n","protected":false},"author":1,"featured_media":0,"parent":0,"menu_order":0,"comment_status":"closed","ping_status":"closed","template":"","meta":[],"yoast_head":"<!-- This site is optimized with the Yoast SEO plugin v16.1.1 - https:\/\/yoast.com\/wordpress\/plugins\/seo\/ -->\n<title>Formulario Aceptaci\u00f3n - FHSOFTSPA<\/title>\n<meta name=\"robots\" content=\"index, follow, max-snippet:-1, max-image-preview:large, max-video-preview:-1\" \/>\n<link rel=\"canonical\" href=\"http:\/\/www.fhsoftspa.cl\/?page_id=1077\" \/>\n<meta property=\"og:locale\" content=\"es_ES\" \/>\n<meta property=\"og:type\" content=\"article\" \/>\n<meta property=\"og:title\" content=\"Formulario Aceptaci\u00f3n - FHSOFTSPA\" \/>\n<meta property=\"og:description\" content=\"Requerimientos adicionales. 1.- Enviar Archivo .pfx de Certificado digital Simple incluyendo contrase\u00f1a de Certificado a nuestro Correo. En el caso que el cliente no disponga de este certificado, nos autorizar\u00e1 para poder comprarlo y el valor de este certificado se recargar\u00e1 al valor del presupuesto. 2.- Enviar Foto del Logo de la empresa en formato&hellip; Leer m\u00e1s\" \/>\n<meta property=\"og:url\" content=\"http:\/\/www.fhsoftspa.cl\/?page_id=1077\" \/>\n<meta property=\"og:site_name\" content=\"FHSOFTSPA\" \/>\n<meta property=\"article:modified_time\" content=\"2021-01-22T18:26:38+00:00\" \/>\n<meta name=\"twitter:card\" content=\"summary_large_image\" \/>\n<meta name=\"twitter:label1\" content=\"Tiempo de lectura\">\n\t<meta name=\"twitter:data1\" content=\"1 minuto\">\n<script type=\"application\/ld+json\" class=\"yoast-schema-graph\">{\"@context\":\"https:\/\/schema.org\",\"@graph\":[{\"@type\":\"Organization\",\"@id\":\"http:\/\/www.fhsoftspa.cl\/#organization\",\"name\":\"Fhsoft\",\"url\":\"http:\/\/www.fhsoftspa.cl\/\",\"sameAs\":[],\"logo\":{\"@type\":\"ImageObject\",\"@id\":\"http:\/\/www.fhsoftspa.cl\/#logo\",\"inLanguage\":\"es\",\"url\":\"http:\/\/www.fhsoftspa.cl\/wp-content\/uploads\/2020\/08\/logoemerson.png\",\"contentUrl\":\"http:\/\/www.fhsoftspa.cl\/wp-content\/uploads\/2020\/08\/logoemerson.png\",\"width\":340,\"height\":344,\"caption\":\"Fhsoft\"},\"image\":{\"@id\":\"http:\/\/www.fhsoftspa.cl\/#logo\"}},{\"@type\":\"WebSite\",\"@id\":\"http:\/\/www.fhsoftspa.cl\/#website\",\"url\":\"http:\/\/www.fhsoftspa.cl\/\",\"name\":\"FHSOFTSPA\",\"description\":\"\",\"publisher\":{\"@id\":\"http:\/\/www.fhsoftspa.cl\/#organization\"},\"potentialAction\":[{\"@type\":\"SearchAction\",\"target\":\"http:\/\/www.fhsoftspa.cl\/?s={search_term_string}\",\"query-input\":\"required name=search_term_string\"}],\"inLanguage\":\"es\"},{\"@type\":\"WebPage\",\"@id\":\"http:\/\/www.fhsoftspa.cl\/?page_id=1077#webpage\",\"url\":\"http:\/\/www.fhsoftspa.cl\/?page_id=1077\",\"name\":\"Formulario Aceptaci\\u00f3n - FHSOFTSPA\",\"isPartOf\":{\"@id\":\"http:\/\/www.fhsoftspa.cl\/#website\"},\"datePublished\":\"2021-01-22T17:55:49+00:00\",\"dateModified\":\"2021-01-22T18:26:38+00:00\",\"breadcrumb\":{\"@id\":\"http:\/\/www.fhsoftspa.cl\/?page_id=1077#breadcrumb\"},\"inLanguage\":\"es\",\"potentialAction\":[{\"@type\":\"ReadAction\",\"target\":[\"http:\/\/www.fhsoftspa.cl\/?page_id=1077\"]}]},{\"@type\":\"BreadcrumbList\",\"@id\":\"http:\/\/www.fhsoftspa.cl\/?page_id=1077#breadcrumb\",\"itemListElement\":[{\"@type\":\"ListItem\",\"position\":1,\"item\":{\"@type\":\"WebPage\",\"@id\":\"http:\/\/www.fhsoftspa.cl\/\",\"url\":\"http:\/\/www.fhsoftspa.cl\/\",\"name\":\"Portada\"}},{\"@type\":\"ListItem\",\"position\":2,\"item\":{\"@type\":\"WebPage\",\"@id\":\"http:\/\/www.fhsoftspa.cl\/?page_id=1077\",\"url\":\"http:\/\/www.fhsoftspa.cl\/?page_id=1077\",\"name\":\"Formulario Aceptaci\\u00f3n\"}}]}]}<\/script>\n<!-- \/ Yoast SEO plugin. -->","_links":{"self":[{"href":"http:\/\/www.fhsoftspa.cl\/index.php?rest_route=\/wp\/v2\/pages\/1077"}],"collection":[{"href":"http:\/\/www.fhsoftspa.cl\/index.php?rest_route=\/wp\/v2\/pages"}],"about":[{"href":"http:\/\/www.fhsoftspa.cl\/index.php?rest_route=\/wp\/v2\/types\/page"}],"author":[{"embeddable":true,"href":"http:\/\/www.fhsoftspa.cl\/index.php?rest_route=\/wp\/v2\/users\/1"}],"replies":[{"embeddable":true,"href":"http:\/\/www.fhsoftspa.cl\/index.php?rest_route=%2Fwp%2Fv2%2Fcomments&post=1077"}],"version-history":[{"count":5,"href":"http:\/\/www.fhsoftspa.cl\/index.php?rest_route=\/wp\/v2\/pages\/1077\/revisions"}],"predecessor-version":[{"id":1084,"href":"http:\/\/www.fhsoftspa.cl\/index.php?rest_route=\/wp\/v2\/pages\/1077\/revisions\/1084"}],"wp:attachment":[{"href":"http:\/\/www.fhsoftspa.cl\/index.php?rest_route=%2Fwp%2Fv2%2Fmedia&parent=1077"}],"curies":[{"name":"wp","href":"https:\/\/api.w.org\/{rel}","templated":true}]}}